{"id":9383,"date":"2025-06-19T15:05:55","date_gmt":"2025-06-19T14:05:55","guid":{"rendered":"https:\/\/blockcity.tech\/?page_id=9383"},"modified":"2025-06-19T15:05:56","modified_gmt":"2025-06-19T14:05:56","slug":"lezervagas-budapest","status":"publish","type":"page","link":"https:\/\/blockcity.tech\/hu\/lezervagas-budapest\/","title":{"rendered":"L\u00e9zerv\u00e1g\u00e1s Budapest"},"content":{"rendered":"","protected":false},"excerpt":{"rendered":"","protected":false},"author":1,"featured_media":0,"parent":0,"menu_order":0,"comment_status":"closed","ping_status":"closed","template":"","meta":{"_acf_changed":false,"_kad_blocks_custom_css":"","_kad_blocks_head_custom_js":"","_kad_blocks_body_custom_js":"","_kad_blocks_footer_custom_js":"","_kad_post_transparent":"","_kad_post_title":"","_kad_post_layout":"","_kad_post_sidebar_id":"","_kad_post_content_style":"","_kad_post_vertical_padding":"","_kad_post_feature":"","_kad_post_feature_position":"","_kad_post_header":false,"_kad_post_footer":false,"footnotes":""},"class_list":["post-9383","page","type-page","status-publish","hentry"],"acf":[],"taxonomy_info":[],"featured_image_src_large":false,"author_info":{"display_name":"BLOCK Admin","author_link":"https:\/\/blockcity.tech\/hu\/author\/s4f3us3r\/"},"comment_info":0,"_links":{"self":[{"href":"https:\/\/blockcity.tech\/hu\/wp-json\/wp\/v2\/pages\/9383","targetHints":{"allow":["GET"]}}],"collection":[{"href":"https:\/\/blockcity.tech\/hu\/wp-json\/wp\/v2\/pages"}],"about":[{"href":"https:\/\/blockcity.tech\/hu\/wp-json\/wp\/v2\/types\/page"}],"author":[{"embeddable":true,"href":"https:\/\/blockcity.tech\/hu\/wp-json\/wp\/v2\/users\/1"}],"replies":[{"embeddable":true,"href":"https:\/\/blockcity.tech\/hu\/wp-json\/wp\/v2\/comments?post=9383"}],"version-history":[{"count":1,"href":"https:\/\/blockcity.tech\/hu\/wp-json\/wp\/v2\/pages\/9383\/revisions"}],"predecessor-version":[{"id":9384,"href":"https:\/\/blockcity.tech\/hu\/wp-json\/wp\/v2\/pages\/9383\/revisions\/9384"}],"wp:attachment":[{"href":"https:\/\/blockcity.tech\/hu\/wp-json\/wp\/v2\/media?parent=9383"}],"curies":[{"name":"wp","href":"https:\/\/api.w.org\/{rel}","templated":true}]}}