{"id":5375,"date":"2024-12-20T14:05:59","date_gmt":"2024-12-20T14:05:59","guid":{"rendered":"https:\/\/temp.blockcity.tech\/?page_id=5375"},"modified":"2025-01-08T15:23:12","modified_gmt":"2025-01-08T14:23:12","slug":"benyujtas-sikere-hibajelentes","status":"publish","type":"page","link":"https:\/\/blockcity.tech\/hu\/benyujtas-sikere-hibajelentes\/","title":{"rendered":"Submission Success &#8211; Error report"},"content":{"rendered":"<style>.kb-row-layout-id5375_0c3fe5-1f > .kt-row-column-wrap{align-content:center;}:where(.kb-row-layout-id5375_0c3fe5-1f > .kt-row-column-wrap) > .wp-block-kadence-column{justify-content:center;}.kb-row-layout-id5375_0c3fe5-1f > .kt-row-column-wrap{column-gap:var(--global-kb-gap-md, 2rem);row-gap:var(--global-kb-gap-md, 2rem);max-width:var( --global-content-width, 1200px );padding-left:var(--global-content-edge-padding);padding-right:var(--global-content-edge-padding);padding-top:0px;padding-right:0px;padding-bottom:0px;padding-left:0px;min-height:100vh;grid-template-columns:minmax(0, 1fr);}.kb-row-layout-id5375_0c3fe5-1f > .kt-row-layout-overlay{opacity:0.30;}@media all and (max-width: 1024px){.kb-row-layout-id5375_0c3fe5-1f > .kt-row-column-wrap{grid-template-columns:minmax(0, 1fr);}}@media all and (max-width: 767px){.kb-row-layout-id5375_0c3fe5-1f > .kt-row-column-wrap{grid-template-columns:minmax(0, 1fr);}}<\/style><div class=\"kb-row-layout-wrap kb-row-layout-id5375_0c3fe5-1f alignfull has-theme-palette9-background-color kt-row-has-bg wp-block-kadence-rowlayout\"><div class=\"kt-row-column-wrap kt-has-1-columns kt-row-layout-equal kt-tab-layout-inherit kt-mobile-layout-row kt-row-valign-middle kb-theme-content-width\">\n<style>.kadence-column5375_5bae7d-89 > .kt-inside-inner-col,.kadence-column5375_5bae7d-89 > .kt-inside-inner-col:before{border-top-left-radius:0px;border-top-right-radius:0px;border-bottom-right-radius:0px;border-bottom-left-radius:0px;}.kadence-column5375_5bae7d-89 > .kt-inside-inner-col{column-gap:var(--global-kb-gap-sm, 1rem);}.kadence-column5375_5bae7d-89 > .kt-inside-inner-col{flex-direction:column;}.kadence-column5375_5bae7d-89 > .kt-inside-inner-col > .aligncenter{width:100%;}.kadence-column5375_5bae7d-89 > .kt-inside-inner-col:before{opacity:0.3;}.kadence-column5375_5bae7d-89{position:relative;}@media all and (max-width: 1024px){.kadence-column5375_5bae7d-89 > .kt-inside-inner-col{padding-right:40px;padding-left:40px;flex-direction:column;justify-content:center;}}@media all and (max-width: 767px){.kadence-column5375_5bae7d-89 > .kt-inside-inner-col{padding-right:20px;padding-left:20px;flex-direction:column;justify-content:center;}}<\/style>\n<div class=\"wp-block-kadence-column kadence-column5375_5bae7d-89\"><div class=\"kt-inside-inner-col\"><style>.kb-image5375_53fd81-88 .kb-image-has-overlay:after{opacity:0.3;}<\/style>\n<div class=\"wp-block-kadence-image kb-image5375_53fd81-88\"><figure class=\"aligncenter size-full\"><img loading=\"lazy\" decoding=\"async\" width=\"96\" height=\"96\" src=\"https:\/\/blockcity.tech\/wp-content\/uploads\/Submission_success.webp\" alt=\"\" class=\"kb-img wp-image-6076\" srcset=\"https:\/\/blockcity.tech\/wp-content\/uploads\/Submission_success.webp 96w, https:\/\/blockcity.tech\/wp-content\/uploads\/Submission_success-12x12.webp 12w\" sizes=\"auto, (max-width: 96px) 100vw, 96px\" \/><\/figure><\/div>\n\n\n<style>.wp-block-kadence-advancedheading.kt-adv-heading5375_3a4850-85, .wp-block-kadence-advancedheading.kt-adv-heading5375_3a4850-85[data-kb-block=\"kb-adv-heading5375_3a4850-85\"]{padding-bottom:0px;margin-top:40px;margin-bottom:20px;text-align:center;font-style:normal;}.wp-block-kadence-advancedheading.kt-adv-heading5375_3a4850-85 mark.kt-highlight, .wp-block-kadence-advancedheading.kt-adv-heading5375_3a4850-85[data-kb-block=\"kb-adv-heading5375_3a4850-85\"] mark.kt-highlight{font-style:normal;color:#f76a0c;-webkit-box-decoration-break:clone;box-decoration-break:clone;padding-top:0px;padding-right:0px;padding-bottom:0px;padding-left:0px;}.wp-block-kadence-advancedheading.kt-adv-heading5375_3a4850-85 img.kb-inline-image, .wp-block-kadence-advancedheading.kt-adv-heading5375_3a4850-85[data-kb-block=\"kb-adv-heading5375_3a4850-85\"] img.kb-inline-image{width:150px;vertical-align:baseline;}<\/style>\n<h2 class=\"kt-adv-heading5375_3a4850-85 wp-block-kadence-advancedheading\" data-kb-block=\"kb-adv-heading5375_3a4850-85\">K\u00f6sz\u00f6nj\u00fck, hogy kapcsolatba l\u00e9pett vel\u00fcnk!<\/h2>\n\n\n<style>.wp-block-kadence-advancedheading.kt-adv-heading5375_50ac77-9a, .wp-block-kadence-advancedheading.kt-adv-heading5375_50ac77-9a[data-kb-block=\"kb-adv-heading5375_50ac77-9a\"]{padding-bottom:0px;margin-bottom:8px;text-align:center;font-size:var(--global-kb-font-size-md, 1.25rem);font-style:normal;}.wp-block-kadence-advancedheading.kt-adv-heading5375_50ac77-9a mark.kt-highlight, .wp-block-kadence-advancedheading.kt-adv-heading5375_50ac77-9a[data-kb-block=\"kb-adv-heading5375_50ac77-9a\"] mark.kt-highlight{font-style:normal;color:#f76a0c;-webkit-box-decoration-break:clone;box-decoration-break:clone;padding-top:0px;padding-right:0px;padding-bottom:0px;padding-left:0px;}.wp-block-kadence-advancedheading.kt-adv-heading5375_50ac77-9a img.kb-inline-image, .wp-block-kadence-advancedheading.kt-adv-heading5375_50ac77-9a[data-kb-block=\"kb-adv-heading5375_50ac77-9a\"] img.kb-inline-image{width:150px;vertical-align:baseline;}<\/style>\n<p class=\"kt-adv-heading5375_50ac77-9a wp-block-kadence-advancedheading\" data-kb-block=\"kb-adv-heading5375_50ac77-9a\"><strong>Jelent\u00e9s\u00e9t sikeresen elk\u00fcldt\u00fck.<\/strong><br>24 \u00f3r\u00e1n bel\u00fcl v\u00e1laszolunk \u00d6nnek.<\/p>\n\n\n<style>.wp-block-kadence-advancedbtn.kt-btns5375_f50066-a2, .site .entry-content .wp-block-kadence-advancedbtn.kt-btns5375_f50066-a2, .wp-block-kadence-advancedbtn.kb-btns5375_f50066-a2, .site .entry-content .wp-block-kadence-advancedbtn.kb-btns5375_f50066-a2{margin-top:40px;margin-bottom:20px;}.wp-block-kadence-advancedbtn.kb-btns5375_f50066-a2{padding-top:0px;padding-right:0px;padding-bottom:0px;padding-left:0px;gap:var(--global-kb-gap-xs, 0.5rem );justify-content:center;align-items:center;}.kt-btns5375_f50066-a2 .kt-button{font-weight:normal;font-style:normal;}.kt-btns5375_f50066-a2 .kt-btn-wrap-0{margin-right:5px;}.wp-block-kadence-advancedbtn.kt-btns5375_f50066-a2 .kt-btn-wrap-0 .kt-button{color:#555555;border-color:#555555;}.wp-block-kadence-advancedbtn.kt-btns5375_f50066-a2 .kt-btn-wrap-0 .kt-button:hover, .wp-block-kadence-advancedbtn.kt-btns5375_f50066-a2 .kt-btn-wrap-0 .kt-button:focus{color:#ffffff;border-color:#444444;}.wp-block-kadence-advancedbtn.kt-btns5375_f50066-a2 .kt-btn-wrap-0 .kt-button::before{display:none;}.wp-block-kadence-advancedbtn.kt-btns5375_f50066-a2 .kt-btn-wrap-0 .kt-button:hover, .wp-block-kadence-advancedbtn.kt-btns5375_f50066-a2 .kt-btn-wrap-0 .kt-button:focus{background:#444444;}@media all and (max-width: 1024px){.wp-block-kadence-advancedbtn.kt-btns5375_f50066-a2, .site .entry-content .wp-block-kadence-advancedbtn.kt-btns5375_f50066-a2, .wp-block-kadence-advancedbtn.kb-btns5375_f50066-a2, .site .entry-content .wp-block-kadence-advancedbtn.kb-btns5375_f50066-a2{margin-bottom:40px;}}@media all and (max-width: 767px){.wp-block-kadence-advancedbtn.kt-btns5375_f50066-a2, .site .entry-content .wp-block-kadence-advancedbtn.kt-btns5375_f50066-a2, .wp-block-kadence-advancedbtn.kb-btns5375_f50066-a2, .site .entry-content .wp-block-kadence-advancedbtn.kb-btns5375_f50066-a2{margin-top:40px;margin-bottom:60px;}.wp-block-kadence-advancedbtn.kb-btns5375_f50066-a2{justify-content:center;}}<\/style>\n<div class=\"wp-block-kadence-advancedbtn kb-buttons-wrap kb-btns5375_f50066-a2\"><style>ul.menu .wp-block-kadence-advancedbtn .kb-btn5375_9e0ca5-0c.kb-button{width:initial;}.wp-block-kadence-advancedbtn .kb-btn5375_9e0ca5-0c.kb-button{color:var(--global-palette3, #1A202C);background:var(--global-palette1, #3182CE);font-size:var(--global-kb-font-size-md, 1.25rem);line-height:1;font-family:'Uni Sans', Arial;font-weight:600;border-top-left-radius:8px;border-top-right-radius:8px;border-bottom-right-radius:8px;border-bottom-left-radius:8px;padding-top:20px;padding-right:24px;padding-bottom:18px;padding-left:24px;}.wp-block-kadence-advancedbtn .kb-btn5375_9e0ca5-0c.kb-button:hover, .wp-block-kadence-advancedbtn .kb-btn5375_9e0ca5-0c.kb-button:focus{color:var(--global-palette4, #2D3748);background:var(--global-palette2, #2B6CB0);}@media all and (max-width: 767px){.wp-block-kadence-advancedbtn .kb-btn5375_9e0ca5-0c.kb-button{font-size:18px;padding-bottom:18px;}}<\/style><a class=\"kb-button kt-button button kb-btn5375_9e0ca5-0c kt-btn-size-large kt-btn-width-type-auto kb-btn-global-fill  kt-btn-has-text-true kt-btn-has-svg-false  wp-block-kadence-singlebtn\" href=\"https:\/\/blockcity.tech\/hu\/\"><span class=\"kt-btn-inner-text\">Tov\u00e1bb a honlapra<\/span><\/a><\/div>\n<\/div><\/div>\n\n<\/div><\/div>","protected":false},"excerpt":{"rendered":"<p>Thank you for contacting us! Your report was successfully submitted.We will get back to you within 24 hours.<\/p>","protected":false},"author":1,"featured_media":0,"parent":0,"menu_order":0,"comment_status":"closed","ping_status":"closed","template":"","meta":{"_acf_changed":false,"_kad_blocks_custom_css":"","_kad_blocks_head_custom_js":"","_kad_blocks_body_custom_js":"","_kad_blocks_footer_custom_js":"","_kad_post_transparent":"enable","_kad_post_title":"","_kad_post_layout":"","_kad_post_sidebar_id":"","_kad_post_content_style":"","_kad_post_vertical_padding":"","_kad_post_feature":"","_kad_post_feature_position":"","_kad_post_header":true,"_kad_post_footer":false,"footnotes":""},"class_list":["post-5375","page","type-page","status-publish","hentry"],"acf":[],"taxonomy_info":[],"featured_image_src_large":false,"author_info":{"display_name":"BLOCK Admin","author_link":"https:\/\/blockcity.tech\/hu\/author\/s4f3us3r\/"},"comment_info":0,"_links":{"self":[{"href":"https:\/\/blockcity.tech\/hu\/wp-json\/wp\/v2\/pages\/5375","targetHints":{"allow":["GET"]}}],"collection":[{"href":"https:\/\/blockcity.tech\/hu\/wp-json\/wp\/v2\/pages"}],"about":[{"href":"https:\/\/blockcity.tech\/hu\/wp-json\/wp\/v2\/types\/page"}],"author":[{"embeddable":true,"href":"https:\/\/blockcity.tech\/hu\/wp-json\/wp\/v2\/users\/1"}],"replies":[{"embeddable":true,"href":"https:\/\/blockcity.tech\/hu\/wp-json\/wp\/v2\/comments?post=5375"}],"version-history":[{"count":6,"href":"https:\/\/blockcity.tech\/hu\/wp-json\/wp\/v2\/pages\/5375\/revisions"}],"predecessor-version":[{"id":7671,"href":"https:\/\/blockcity.tech\/hu\/wp-json\/wp\/v2\/pages\/5375\/revisions\/7671"}],"wp:attachment":[{"href":"https:\/\/blockcity.tech\/hu\/wp-json\/wp\/v2\/media?parent=5375"}],"curies":[{"name":"wp","href":"https:\/\/api.w.org\/{rel}","templated":true}]}}