{"id":4142,"date":"2024-12-09T21:49:38","date_gmt":"2024-12-09T21:49:38","guid":{"rendered":"https:\/\/temp.blockcity.tech\/?page_id=4142"},"modified":"2025-01-24T10:06:00","modified_gmt":"2025-01-24T09:06:00","slug":"impressum","status":"publish","type":"page","link":"https:\/\/blockcity.tech\/cz\/impressum\/","title":{"rendered":"Impressum"},"content":{"rendered":"<style>.kb-row-layout-id4142_50b055-13 > .kt-row-column-wrap{align-content:start;}:where(.kb-row-layout-id4142_50b055-13 > .kt-row-column-wrap) > .wp-block-kadence-column{justify-content:start;}.kb-row-layout-id4142_50b055-13 > .kt-row-column-wrap{column-gap:var(--global-kb-gap-md, 2rem);row-gap:var(--global-kb-gap-md, 2rem);max-width:720px;margin-left:auto;margin-right:auto;padding-top:120px;padding-bottom:180px;grid-template-columns:minmax(0, 1fr);}.kb-row-layout-id4142_50b055-13 > .kt-row-layout-overlay{opacity:0.30;}@media all and (max-width: 1024px){.kb-row-layout-id4142_50b055-13 > .kt-row-column-wrap{grid-template-columns:minmax(0, 1fr);}}@media all and (max-width: 767px){.kb-row-layout-id4142_50b055-13 > .kt-row-column-wrap{grid-template-columns:minmax(0, 1fr);}}<\/style><div class=\"kb-row-layout-wrap kb-row-layout-id4142_50b055-13 alignnone wp-block-kadence-rowlayout\"><div class=\"kt-row-column-wrap kt-has-1-columns kt-row-layout-equal kt-tab-layout-inherit kt-mobile-layout-row kt-row-valign-top\">\n<style>.kadence-column4142_a2acfd-15 > .kt-inside-inner-col,.kadence-column4142_a2acfd-15 > .kt-inside-inner-col:before{border-top-left-radius:0px;border-top-right-radius:0px;border-bottom-right-radius:0px;border-bottom-left-radius:0px;}.kadence-column4142_a2acfd-15 > .kt-inside-inner-col{column-gap:var(--global-kb-gap-sm, 1rem);}.kadence-column4142_a2acfd-15 > .kt-inside-inner-col{flex-direction:column;}.kadence-column4142_a2acfd-15 > .kt-inside-inner-col > .aligncenter{width:100%;}.kadence-column4142_a2acfd-15 > .kt-inside-inner-col:before{opacity:0.3;}.kadence-column4142_a2acfd-15{position:relative;}@media all and (max-width: 1024px){.kadence-column4142_a2acfd-15 > .kt-inside-inner-col{flex-direction:column;justify-content:center;}}@media all and (max-width: 767px){.kadence-column4142_a2acfd-15 > .kt-inside-inner-col{flex-direction:column;justify-content:center;}}<\/style>\n<div class=\"wp-block-kadence-column kadence-column4142_a2acfd-15\"><div class=\"kt-inside-inner-col\"><style>.wp-block-kadence-advancedheading.kt-adv-heading4142_96b1ea-e0, .wp-block-kadence-advancedheading.kt-adv-heading4142_96b1ea-e0[data-kb-block=\"kb-adv-heading4142_96b1ea-e0\"]{padding-bottom:0px;margin-bottom:0px;font-style:normal;}.wp-block-kadence-advancedheading.kt-adv-heading4142_96b1ea-e0 mark.kt-highlight, .wp-block-kadence-advancedheading.kt-adv-heading4142_96b1ea-e0[data-kb-block=\"kb-adv-heading4142_96b1ea-e0\"] mark.kt-highlight{font-style:normal;color:#f76a0c;-webkit-box-decoration-break:clone;box-decoration-break:clone;padding-top:0px;padding-right:0px;padding-bottom:0px;padding-left:0px;}.wp-block-kadence-advancedheading.kt-adv-heading4142_96b1ea-e0 img.kb-inline-image, .wp-block-kadence-advancedheading.kt-adv-heading4142_96b1ea-e0[data-kb-block=\"kb-adv-heading4142_96b1ea-e0\"] img.kb-inline-image{width:150px;vertical-align:baseline;}<\/style>\n<h2 class=\"kt-adv-heading4142_96b1ea-e0 wp-block-kadence-advancedheading\" data-kb-block=\"kb-adv-heading4142_96b1ea-e0\">Impressum<\/h2>\n\n\n<style>.wp-block-kadence-advancedheading.kt-adv-heading4142_f7f5f7-b0, .wp-block-kadence-advancedheading.kt-adv-heading4142_f7f5f7-b0[data-kb-block=\"kb-adv-heading4142_f7f5f7-b0\"]{padding-bottom:0px;margin-bottom:0px;font-style:normal;}.wp-block-kadence-advancedheading.kt-adv-heading4142_f7f5f7-b0 mark.kt-highlight, .wp-block-kadence-advancedheading.kt-adv-heading4142_f7f5f7-b0[data-kb-block=\"kb-adv-heading4142_f7f5f7-b0\"] mark.kt-highlight{font-style:normal;color:#f76a0c;-webkit-box-decoration-break:clone;box-decoration-break:clone;padding-top:0px;padding-right:0px;padding-bottom:0px;padding-left:0px;}.wp-block-kadence-advancedheading.kt-adv-heading4142_f7f5f7-b0 img.kb-inline-image, .wp-block-kadence-advancedheading.kt-adv-heading4142_f7f5f7-b0[data-kb-block=\"kb-adv-heading4142_f7f5f7-b0\"] img.kb-inline-image{width:150px;vertical-align:baseline;}.wp-block-kadence-advancedheading.kt-adv-heading4142_f7f5f7-b0[data-kb-block=\"kb-adv-heading4142_f7f5f7-b0\"] a, .kt-adv-heading-link4142_f7f5f7-b0, .kt-adv-heading-link4142_f7f5f7-b0 .kt-adv-heading4142_f7f5f7-b0[data-kb-block=\"kb-adv-heading4142_f7f5f7-b0\"]{color:#00aaff;}<\/style>\n<p class=\"kt-adv-heading4142_f7f5f7-b0 wp-block-kadence-advancedheading\" data-kb-block=\"kb-adv-heading4142_f7f5f7-b0\"><br><br><strong>Obecn\u00e9 kontaktn\u00ed informace:<\/strong><br>\u200dM\u00e1te dotazy nebo n\u00e1vrhy? Napi\u0161te n\u00e1m e-mail na adresu support@blockcity.tech<br>Na\u0161eho pov\u011b\u0159ence pro ochranu osobn\u00edch \u00fadaj\u016f m\u016f\u017eete kontaktovat na e-mailov\u00e9 adrese support@blockcity.tech.<\/p>\n\n\n<style>.wp-block-kadence-advancedheading.kt-adv-heading4142_4c47c4-73, .wp-block-kadence-advancedheading.kt-adv-heading4142_4c47c4-73[data-kb-block=\"kb-adv-heading4142_4c47c4-73\"]{padding-bottom:0px;margin-bottom:0px;font-style:normal;}.wp-block-kadence-advancedheading.kt-adv-heading4142_4c47c4-73 mark.kt-highlight, .wp-block-kadence-advancedheading.kt-adv-heading4142_4c47c4-73[data-kb-block=\"kb-adv-heading4142_4c47c4-73\"] mark.kt-highlight{font-style:normal;color:#f76a0c;-webkit-box-decoration-break:clone;box-decoration-break:clone;padding-top:0px;padding-right:0px;padding-bottom:0px;padding-left:0px;}.wp-block-kadence-advancedheading.kt-adv-heading4142_4c47c4-73 img.kb-inline-image, .wp-block-kadence-advancedheading.kt-adv-heading4142_4c47c4-73[data-kb-block=\"kb-adv-heading4142_4c47c4-73\"] img.kb-inline-image{width:150px;vertical-align:baseline;}<\/style>\n<h3 class=\"kt-adv-heading4142_4c47c4-73 wp-block-kadence-advancedheading\" data-kb-block=\"kb-adv-heading4142_4c47c4-73\">Shrnut\u00ed kl\u00ed\u010dov\u00fdch bod\u016f<\/h3>\n\n\n<style>.wp-block-kadence-advancedheading.kt-adv-heading4142_c7a34e-7a, .wp-block-kadence-advancedheading.kt-adv-heading4142_c7a34e-7a[data-kb-block=\"kb-adv-heading4142_c7a34e-7a\"]{padding-bottom:0px;margin-bottom:0px;line-height:1.8;font-style:normal;}.wp-block-kadence-advancedheading.kt-adv-heading4142_c7a34e-7a mark.kt-highlight, .wp-block-kadence-advancedheading.kt-adv-heading4142_c7a34e-7a[data-kb-block=\"kb-adv-heading4142_c7a34e-7a\"] mark.kt-highlight{font-style:normal;color:#f76a0c;-webkit-box-decoration-break:clone;box-decoration-break:clone;padding-top:0px;padding-right:0px;padding-bottom:0px;padding-left:0px;}.wp-block-kadence-advancedheading.kt-adv-heading4142_c7a34e-7a img.kb-inline-image, .wp-block-kadence-advancedheading.kt-adv-heading4142_c7a34e-7a[data-kb-block=\"kb-adv-heading4142_c7a34e-7a\"] img.kb-inline-image{width:150px;vertical-align:baseline;}.wp-block-kadence-advancedheading.kt-adv-heading4142_c7a34e-7a[data-kb-block=\"kb-adv-heading4142_c7a34e-7a\"] a, .kt-adv-heading-link4142_c7a34e-7a, .kt-adv-heading-link4142_c7a34e-7a .kt-adv-heading4142_c7a34e-7a[data-kb-block=\"kb-adv-heading4142_c7a34e-7a\"]{color:#00aaff;}<\/style>\n<p class=\"kt-adv-heading4142_c7a34e-7a wp-block-kadence-advancedheading\" data-kb-block=\"kb-adv-heading4142_c7a34e-7a\"><br><strong>BLOCK v\u00e1m p\u0159in\u00e1\u0161\u00ed:<\/strong> AviBike Ltd.<br><strong>Adresa:<\/strong> 4484 Ibr\u00e1ny, Iskola utca 14.<br><strong>Um\u00edst\u011bn\u00ed pracovi\u0161t\u011b:<\/strong> 1222 Budapest, Szalontai utca 5.<br><strong>Da\u0148ov\u00e9 \u010d\u00edslo EU:<\/strong> HU26651383<br><strong>Da\u0148ov\u00e9 \u010d\u00edslo:<\/strong> 26651383-2-15<br><strong>Obchodn\u00ed rejst\u0159\u00edk:<\/strong> 15-09-086040<br><strong>E-mail: <\/strong>support@blockcity.tech<br><strong>Telefon:<\/strong> +36 (30) 245-0301<br><strong>Web:<\/strong> www.blockcity.tech<br><strong>V\u00fdkonn\u00fd \u0159editel:<\/strong> Szabolcs Szil\u00e1gyi<br><br>Zaps\u00e1no u podnikov\u00e9ho soudu M\u011bstsk\u00e9ho soudu v Budape\u0161ti.<\/p>\n\n\n<style>.wp-block-kadence-advancedheading.kt-adv-heading4142_21cfa4-92, .wp-block-kadence-advancedheading.kt-adv-heading4142_21cfa4-92[data-kb-block=\"kb-adv-heading4142_21cfa4-92\"]{padding-bottom:0px;margin-bottom:0px;font-style:normal;}.wp-block-kadence-advancedheading.kt-adv-heading4142_21cfa4-92 mark.kt-highlight, .wp-block-kadence-advancedheading.kt-adv-heading4142_21cfa4-92[data-kb-block=\"kb-adv-heading4142_21cfa4-92\"] mark.kt-highlight{font-style:normal;color:#f76a0c;-webkit-box-decoration-break:clone;box-decoration-break:clone;padding-top:0px;padding-right:0px;padding-bottom:0px;padding-left:0px;}.wp-block-kadence-advancedheading.kt-adv-heading4142_21cfa4-92 img.kb-inline-image, .wp-block-kadence-advancedheading.kt-adv-heading4142_21cfa4-92[data-kb-block=\"kb-adv-heading4142_21cfa4-92\"] img.kb-inline-image{width:150px;vertical-align:baseline;}<\/style>\n<h3 class=\"kt-adv-heading4142_21cfa4-92 wp-block-kadence-advancedheading\" data-kb-block=\"kb-adv-heading4142_21cfa4-92\">Informace o hostingu<\/h3>\n\n\n<style>.wp-block-kadence-advancedheading.kt-adv-heading4142_2b3064-36, .wp-block-kadence-advancedheading.kt-adv-heading4142_2b3064-36[data-kb-block=\"kb-adv-heading4142_2b3064-36\"]{padding-bottom:0px;margin-top:40px;margin-bottom:0px;font-style:normal;}.wp-block-kadence-advancedheading.kt-adv-heading4142_2b3064-36 mark.kt-highlight, .wp-block-kadence-advancedheading.kt-adv-heading4142_2b3064-36[data-kb-block=\"kb-adv-heading4142_2b3064-36\"] mark.kt-highlight{font-style:normal;color:#f76a0c;-webkit-box-decoration-break:clone;box-decoration-break:clone;padding-top:0px;padding-right:0px;padding-bottom:0px;padding-left:0px;}.wp-block-kadence-advancedheading.kt-adv-heading4142_2b3064-36 img.kb-inline-image, .wp-block-kadence-advancedheading.kt-adv-heading4142_2b3064-36[data-kb-block=\"kb-adv-heading4142_2b3064-36\"] img.kb-inline-image{width:150px;vertical-align:baseline;}<\/style>\n<h4 class=\"kt-adv-heading4142_2b3064-36 wp-block-kadence-advancedheading\" data-kb-block=\"kb-adv-heading4142_2b3064-36\"><strong>Poskytovatel dom\u00e9ny<\/strong><\/h4>\n\n\n<style>.wp-block-kadence-advancedheading.kt-adv-heading4142_218243-48, .wp-block-kadence-advancedheading.kt-adv-heading4142_218243-48[data-kb-block=\"kb-adv-heading4142_218243-48\"]{padding-top:0px;padding-bottom:0px;margin-top:-20px;margin-bottom:0px;line-height:1.8;font-style:normal;}.wp-block-kadence-advancedheading.kt-adv-heading4142_218243-48 mark.kt-highlight, .wp-block-kadence-advancedheading.kt-adv-heading4142_218243-48[data-kb-block=\"kb-adv-heading4142_218243-48\"] mark.kt-highlight{font-style:normal;color:#f76a0c;-webkit-box-decoration-break:clone;box-decoration-break:clone;padding-top:0px;padding-right:0px;padding-bottom:0px;padding-left:0px;}.wp-block-kadence-advancedheading.kt-adv-heading4142_218243-48 img.kb-inline-image, .wp-block-kadence-advancedheading.kt-adv-heading4142_218243-48[data-kb-block=\"kb-adv-heading4142_218243-48\"] img.kb-inline-image{width:150px;vertical-align:baseline;}.wp-block-kadence-advancedheading.kt-adv-heading4142_218243-48[data-kb-block=\"kb-adv-heading4142_218243-48\"] a, .kt-adv-heading-link4142_218243-48, .kt-adv-heading-link4142_218243-48 .kt-adv-heading4142_218243-48[data-kb-block=\"kb-adv-heading4142_218243-48\"]{color:#00aaff;}<\/style>\n<p class=\"kt-adv-heading4142_218243-48 wp-block-kadence-advancedheading\" data-kb-block=\"kb-adv-heading4142_218243-48\"><br>\u200d<strong>N\u00e1zev poskytovatele:<\/strong> Squarespace Ireland Limited<br><strong>Um\u00edst\u011bn\u00ed, adresa: <\/strong>Squarespace House, Ship Street Great Dublin 8 Irsko D08 N12C<br><strong>Zastoupen\u00e1:<\/strong> Colm MacCarvill - \u0159editel a tajemn\u00edk spole\u010dnosti<br>Courtenay O'Connor - \u0159editel<br><strong>\u010c\u00edslo DPH:<\/strong> IE 3041081MH<br>Squarespace Ireland Limited je soukrom\u00e1 spole\u010dnost s ru\u010den\u00edm omezen\u00fdm podle irsk\u00e9ho pr\u00e1va s registra\u010dn\u00edm \u010d\u00edslem 527641.<br><\/p>\n\n\n<style>.wp-block-kadence-advancedheading.kt-adv-heading4142_690c7e-7c, .wp-block-kadence-advancedheading.kt-adv-heading4142_690c7e-7c[data-kb-block=\"kb-adv-heading4142_690c7e-7c\"]{padding-bottom:0px;margin-top:40px;margin-bottom:0px;font-style:normal;}.wp-block-kadence-advancedheading.kt-adv-heading4142_690c7e-7c mark.kt-highlight, .wp-block-kadence-advancedheading.kt-adv-heading4142_690c7e-7c[data-kb-block=\"kb-adv-heading4142_690c7e-7c\"] mark.kt-highlight{font-style:normal;color:#f76a0c;-webkit-box-decoration-break:clone;box-decoration-break:clone;padding-top:0px;padding-right:0px;padding-bottom:0px;padding-left:0px;}.wp-block-kadence-advancedheading.kt-adv-heading4142_690c7e-7c img.kb-inline-image, .wp-block-kadence-advancedheading.kt-adv-heading4142_690c7e-7c[data-kb-block=\"kb-adv-heading4142_690c7e-7c\"] img.kb-inline-image{width:150px;vertical-align:baseline;}<\/style>\n<h4 class=\"kt-adv-heading4142_690c7e-7c wp-block-kadence-advancedheading\" data-kb-block=\"kb-adv-heading4142_690c7e-7c\"><strong><strong>Poskytovatel \u00falo\u017ei\u0161t\u011b<\/strong><\/strong><\/h4>\n\n\n<style>.wp-block-kadence-advancedheading.kt-adv-heading4142_710afc-31, .wp-block-kadence-advancedheading.kt-adv-heading4142_710afc-31[data-kb-block=\"kb-adv-heading4142_710afc-31\"]{padding-top:0px;padding-bottom:0px;margin-top:-20px;margin-bottom:0px;line-height:1.8;font-style:normal;}.wp-block-kadence-advancedheading.kt-adv-heading4142_710afc-31 mark.kt-highlight, .wp-block-kadence-advancedheading.kt-adv-heading4142_710afc-31[data-kb-block=\"kb-adv-heading4142_710afc-31\"] mark.kt-highlight{font-style:normal;color:#f76a0c;-webkit-box-decoration-break:clone;box-decoration-break:clone;padding-top:0px;padding-right:0px;padding-bottom:0px;padding-left:0px;}.wp-block-kadence-advancedheading.kt-adv-heading4142_710afc-31 img.kb-inline-image, .wp-block-kadence-advancedheading.kt-adv-heading4142_710afc-31[data-kb-block=\"kb-adv-heading4142_710afc-31\"] img.kb-inline-image{width:150px;vertical-align:baseline;}.wp-block-kadence-advancedheading.kt-adv-heading4142_710afc-31[data-kb-block=\"kb-adv-heading4142_710afc-31\"] a, .kt-adv-heading-link4142_710afc-31, .kt-adv-heading-link4142_710afc-31 .kt-adv-heading4142_710afc-31[data-kb-block=\"kb-adv-heading4142_710afc-31\"]{color:#00aaff;}<\/style>\n<p class=\"kt-adv-heading4142_710afc-31 wp-block-kadence-advancedheading\" data-kb-block=\"kb-adv-heading4142_710afc-31\"><br>\u200d<strong>N\u00e1zev poskytovatele:<\/strong> Rackforest Kft.<br><strong>Um\u00edst\u011bn\u00ed, adresa: <\/strong>1132 Budape\u0161\u0165, Victor Hugo utca 11. 5. emelet B05001.<br><strong>Zastoupen\u00e1:<\/strong> Sz\u0171cs Krisztina<br><strong>\u010c\u00edslo DPH:<\/strong> 32056842-2-41<br><br><strong>Datum posledn\u00ed aktualizace:<\/strong> 03. ledna 2025<\/p>\n<\/div><\/div>\n\n<\/div><\/div>","protected":false},"excerpt":{"rendered":"<p>Impressum General contact information:\u200dDo you have questions or suggestions? Write us an email to support@blockcity.techOur data protection officer can be reached at the e-mail address support@blockcity.tech Summary of key points BLOCK is brought to you by: AviBike Ltd.Address: 4484 Ibr\u00e1ny, Iskola utca 14.Site location: 1222 Budapest, Szalontai utca 5.EU Tax Number: HU26651383Tax Number: 26651383-2-15Commercial Register:&#8230;<\/p>","protected":false},"author":1,"featured_media":0,"parent":0,"menu_order":0,"comment_status":"closed","ping_status":"closed","template":"","meta":{"_acf_changed":false,"_kad_blocks_custom_css":"","_kad_blocks_head_custom_js":"","_kad_blocks_body_custom_js":"","_kad_blocks_footer_custom_js":"","_kad_post_transparent":"","_kad_post_title":"","_kad_post_layout":"","_kad_post_sidebar_id":"","_kad_post_content_style":"","_kad_post_vertical_padding":"","_kad_post_feature":"","_kad_post_feature_position":"","_kad_post_header":false,"_kad_post_footer":false,"footnotes":""},"class_list":["post-4142","page","type-page","status-publish","hentry"],"acf":[],"taxonomy_info":[],"featured_image_src_large":false,"author_info":{"display_name":"BLOCK Admin","author_link":"https:\/\/blockcity.tech\/cz\/author\/s4f3us3r\/"},"comment_info":0,"_links":{"self":[{"href":"https:\/\/blockcity.tech\/cz\/wp-json\/wp\/v2\/pages\/4142","targetHints":{"allow":["GET"]}}],"collection":[{"href":"https:\/\/blockcity.tech\/cz\/wp-json\/wp\/v2\/pages"}],"about":[{"href":"https:\/\/blockcity.tech\/cz\/wp-json\/wp\/v2\/types\/page"}],"author":[{"embeddable":true,"href":"https:\/\/blockcity.tech\/cz\/wp-json\/wp\/v2\/users\/1"}],"replies":[{"embeddable":true,"href":"https:\/\/blockcity.tech\/cz\/wp-json\/wp\/v2\/comments?post=4142"}],"version-history":[{"count":20,"href":"https:\/\/blockcity.tech\/cz\/wp-json\/wp\/v2\/pages\/4142\/revisions"}],"predecessor-version":[{"id":8620,"href":"https:\/\/blockcity.tech\/cz\/wp-json\/wp\/v2\/pages\/4142\/revisions\/8620"}],"wp:attachment":[{"href":"https:\/\/blockcity.tech\/cz\/wp-json\/wp\/v2\/media?parent=4142"}],"curies":[{"name":"wp","href":"https:\/\/api.w.org\/{rel}","templated":true}]}}